{"id":7,"date":"2020-01-03T10:56:27","date_gmt":"2020-01-03T09:56:27","guid":{"rendered":"https:\/\/molecolab.umed.pl\/?page_id=7"},"modified":"2020-01-03T10:56:27","modified_gmt":"2020-01-03T09:56:27","slug":"postepowania","status":"publish","type":"page","link":"https:\/\/molecolab.umed.pl\/old\/postepowania\/","title":{"rendered":"Post\u0119powania"},"content":{"rendered":"<p><strong>Og\u0142oszenie post\u0119powanie ZP\/87\/2019:<\/strong><\/p>\n<p><a href=\"https:\/\/platformazakupowa.pl\/transakcja\/301445\" target=\"_blank\" rel=\"noopener noreferrer\">https:\/\/platformazakupowa.pl\/transakcja\/301445<\/a><\/p>\n<p><strong>Og\u0142oszenie na us\u0142ugi spo\u0142eczne:<\/strong><\/p>\n<p><a href=\"https:\/\/bip.umed.pl\/ZP\/zamowienia_na_uslugi_spolecznie_i_inne_szczegolne_uslugi\/SitePages\/pokaz_rekord.aspx?rec_id=369\" target=\"_blank\" rel=\"noopener noreferrer\">https:\/\/bip.umed.pl\/ZP\/zamowienia_na_uslugi_spolecznie_i_inne_szczegolne_uslugi\/SitePages\/pokaz_rekord.aspx?rec_id=369<\/a><\/p>\n<p><a href=\"https:\/\/bip.umed.pl\/ZP\/zamowienia_na_uslugi_spolecznie_i_inne_szczegolne_uslugi\/SitePages\/pokaz_rekord.aspx?rec_id=373\" target=\"_blank\" rel=\"noopener noreferrer\">https:\/\/bip.umed.pl\/ZP\/zamowienia_na_uslugi_spolecznie_i_inne_szczegolne_uslugi\/SitePages\/pokaz_rekord.aspx?rec_id=373<\/a><\/p>\n<p><a href=\"https:\/\/bip.umed.pl\/ZP\/zamowienia_na_uslugi_spolecznie_i_inne_szczegolne_uslugi\/SitePages\/pokaz_rekord.aspx?rec_id=374\" target=\"_blank\" rel=\"noopener noreferrer\">https:\/\/bip.umed.pl\/ZP\/zamowienia_na_uslugi_spolecznie_i_inne_szczegolne_uslugi\/SitePages\/pokaz_rekord.aspx?rec_id=374<\/a><\/p>\n<p><a href=\"https:\/\/bip.umed.pl\/ZP\/zamowienia_na_uslugi_spolecznie_i_inne_szczegolne_uslugi\/SitePages\/pokaz_rekord.aspx?rec_id=375\" target=\"_blank\" rel=\"noopener noreferrer\">https:\/\/bip.umed.pl\/ZP\/zamowienia_na_uslugi_spolecznie_i_inne_szczegolne_uslugi\/SitePages\/pokaz_rekord.aspx?rec_id=375<\/a><\/p>\n<p><a href=\"https:\/\/bip.umed.pl\/ZP\/zamowienia_na_uslugi_spolecznie_i_inne_szczegolne_uslugi\/SitePages\/pokaz_rekord.aspx?rec_id=378\" target=\"_blank\" rel=\"noopener noreferrer\">https:\/\/bip.umed.pl\/ZP\/zamowienia_na_uslugi_spolecznie_i_inne_szczegolne_uslugi\/SitePages\/pokaz_rekord.aspx?rec_id=378<\/a><\/p>\n","protected":false},"excerpt":{"rendered":"<p>Og\u0142oszenie post\u0119powanie ZP\/87\/2019: https:\/\/platformazakupowa.pl\/transakcja\/301445 Og\u0142oszenie na us\u0142ugi spo\u0142eczne: https:\/\/bip.umed.pl\/ZP\/zamowienia_na_uslugi_spolecznie_i_inne_szczegolne_uslugi\/SitePages\/pokaz_rekord.aspx?rec_id=369 https:\/\/bip.umed.pl\/ZP\/zamowienia_na_uslugi_spolecznie_i_inne_szczegolne_uslugi\/SitePages\/pokaz_rekord.aspx?rec_id=373 https:\/\/bip.umed.pl\/ZP\/zamowienia_na_uslugi_spolecznie_i_inne_szczegolne_uslugi\/SitePages\/pokaz_rekord.aspx?rec_id=374 https:\/\/bip.umed.pl\/ZP\/zamowienia_na_uslugi_spolecznie_i_inne_szczegolne_uslugi\/SitePages\/pokaz_rekord.aspx?rec_id=375 https:\/\/bip.umed.pl\/ZP\/zamowienia_na_uslugi_spolecznie_i_inne_szczegolne_uslugi\/SitePages\/pokaz_rekord.aspx?rec_id=378<\/p>\n","protected":false},"author":1,"featured_media":0,"parent":0,"menu_order":0,"comment_status":"closed","ping_status":"closed","template":"","meta":{"footnotes":""},"class_list":["post-7","page","type-page","status-publish","hentry"],"acf":[],"_links":{"self":[{"href":"https:\/\/molecolab.umed.pl\/old\/wp-json\/wp\/v2\/pages\/7","targetHints":{"allow":["GET"]}}],"collection":[{"href":"https:\/\/molecolab.umed.pl\/old\/wp-json\/wp\/v2\/pages"}],"about":[{"href":"https:\/\/molecolab.umed.pl\/old\/wp-json\/wp\/v2\/types\/page"}],"author":[{"embeddable":true,"href":"https:\/\/molecolab.umed.pl\/old\/wp-json\/wp\/v2\/users\/1"}],"replies":[{"embeddable":true,"href":"https:\/\/molecolab.umed.pl\/old\/wp-json\/wp\/v2\/comments?post=7"}],"version-history":[{"count":0,"href":"https:\/\/molecolab.umed.pl\/old\/wp-json\/wp\/v2\/pages\/7\/revisions"}],"wp:attachment":[{"href":"https:\/\/molecolab.umed.pl\/old\/wp-json\/wp\/v2\/media?parent=7"}],"curies":[{"name":"wp","href":"https:\/\/api.w.org\/{rel}","templated":true}]}}