{"id":115,"date":"2020-01-17T13:00:38","date_gmt":"2020-01-17T12:00:38","guid":{"rendered":"https:\/\/molecolab.umed.pl\/?page_id=115"},"modified":"2020-01-17T13:00:38","modified_gmt":"2020-01-17T12:00:38","slug":"o-projekcie","status":"publish","type":"page","link":"https:\/\/molecolab.umed.pl\/old\/o-projekcie\/","title":{"rendered":"O projekcie"},"content":{"rendered":"<p><strong>Celem g\u0142\u00f3wnym projektu jest:<\/strong> Wzrost urynkowienia dzia\u0142alno\u015bci badawczo-rozwojowej prowadzonej przez Uniwersytet Medyczny w \u0141odzi i tym samym wzrost jego konkurencyjno\u015bci, poprzez budow\u0119 nowoczesnych laboratori\u00f3w B+R\u00a0 MOLecoLAB oraz wyposa\u017cenie ich w nowoczesn\u0105 aparatur\u0119 naukowo-badawcz\u0105, w okresie 01.12.2018 \u2013 30.06.2023, przyczyniaj\u0105c si\u0119 jednocze\u015bnie do podniesienia poziomu innowacyjno\u015bci i konkurencyjno\u015bci gospodarczej wojew\u00f3dztwa \u0142\u00f3dzkiego.<br \/>\n<strong>Warto\u015b\u0107 og\u00f3\u0142em projektu:<\/strong> 59 940 263,33 PLN<\/p>\n<p><strong>Dofinansowanie RPO W\u0141:<\/strong> 41 639 185,55 PLN<\/p>\n<p><strong>Okres realizacji projektu:\u00a0<\/strong>01.12.2018 \u2013 30.06.2023<\/p>\n<p><strong>Budynek MOLecoLAB<\/strong><\/p>\n\n<p>&nbsp;<\/p>\n<p><strong>Wizualizacje<\/strong><\/p>\n\n","protected":false},"excerpt":{"rendered":"<p>Celem g\u0142\u00f3wnym projektu jest: Wzrost urynkowienia dzia\u0142alno\u015bci badawczo-rozwojowej prowadzonej przez Uniwersytet Medyczny w \u0141odzi i tym samym wzrost jego konkurencyjno\u015bci, poprzez budow\u0119 nowoczesnych laboratori\u00f3w B+R\u00a0 MOLecoLAB oraz wyposa\u017cenie ich w nowoczesn\u0105 aparatur\u0119 naukowo-badawcz\u0105, w okresie 01.12.2018 \u2013 30.06.2023, przyczyniaj\u0105c si\u0119&#8230;<\/p>\n","protected":false},"author":1,"featured_media":0,"parent":0,"menu_order":0,"comment_status":"closed","ping_status":"closed","template":"","meta":{"footnotes":""},"class_list":["post-115","page","type-page","status-publish","hentry"],"acf":[],"_links":{"self":[{"href":"https:\/\/molecolab.umed.pl\/old\/wp-json\/wp\/v2\/pages\/115","targetHints":{"allow":["GET"]}}],"collection":[{"href":"https:\/\/molecolab.umed.pl\/old\/wp-json\/wp\/v2\/pages"}],"about":[{"href":"https:\/\/molecolab.umed.pl\/old\/wp-json\/wp\/v2\/types\/page"}],"author":[{"embeddable":true,"href":"https:\/\/molecolab.umed.pl\/old\/wp-json\/wp\/v2\/users\/1"}],"replies":[{"embeddable":true,"href":"https:\/\/molecolab.umed.pl\/old\/wp-json\/wp\/v2\/comments?post=115"}],"version-history":[{"count":0,"href":"https:\/\/molecolab.umed.pl\/old\/wp-json\/wp\/v2\/pages\/115\/revisions"}],"wp:attachment":[{"href":"https:\/\/molecolab.umed.pl\/old\/wp-json\/wp\/v2\/media?parent=115"}],"curies":[{"name":"wp","href":"https:\/\/api.w.org\/{rel}","templated":true}]}}