{"id":11,"date":"2020-01-03T10:57:26","date_gmt":"2020-01-03T09:57:26","guid":{"rendered":"https:\/\/molecolab.umed.pl\/?page_id=11"},"modified":"2020-01-03T10:57:26","modified_gmt":"2020-01-03T09:57:26","slug":"kontakt","status":"publish","type":"page","link":"https:\/\/molecolab.umed.pl\/old\/kontakt\/","title":{"rendered":"Kontakt"},"content":{"rendered":"<h3><strong>MOLecoLAB Centrum Bada\u0144 Molekularnych Chor\u00f3b Cywilizacyjnych<\/strong><\/h3>\n<p>ul. Mazowiecka 5, 92-215 \u0141\u00f3d\u017a<\/p>\n<p><strong>Kierownik Projektu<\/strong><br \/>\nTomasz Jasi\u0144ski<br \/>\ne-mail: <a href=\"mailto:tomasz.jasinski@umed.lodz.pl\">tomasz.jasinski@umed.lodz.pl<\/a><br \/>\ntel.: 785 911\u00a0503<\/p>\n","protected":false},"excerpt":{"rendered":"<p>MOLecoLAB Centrum Bada\u0144 Molekularnych Chor\u00f3b Cywilizacyjnych ul. Mazowiecka 5, 92-215 \u0141\u00f3d\u017a Kierownik Projektu Tomasz Jasi\u0144ski e-mail: tomasz.jasinski@umed.lodz.pl tel.: 785 911\u00a0503<\/p>\n","protected":false},"author":1,"featured_media":0,"parent":0,"menu_order":0,"comment_status":"closed","ping_status":"closed","template":"","meta":{"footnotes":""},"class_list":["post-11","page","type-page","status-publish","hentry"],"acf":[],"_links":{"self":[{"href":"https:\/\/molecolab.umed.pl\/old\/wp-json\/wp\/v2\/pages\/11","targetHints":{"allow":["GET"]}}],"collection":[{"href":"https:\/\/molecolab.umed.pl\/old\/wp-json\/wp\/v2\/pages"}],"about":[{"href":"https:\/\/molecolab.umed.pl\/old\/wp-json\/wp\/v2\/types\/page"}],"author":[{"embeddable":true,"href":"https:\/\/molecolab.umed.pl\/old\/wp-json\/wp\/v2\/users\/1"}],"replies":[{"embeddable":true,"href":"https:\/\/molecolab.umed.pl\/old\/wp-json\/wp\/v2\/comments?post=11"}],"version-history":[{"count":0,"href":"https:\/\/molecolab.umed.pl\/old\/wp-json\/wp\/v2\/pages\/11\/revisions"}],"wp:attachment":[{"href":"https:\/\/molecolab.umed.pl\/old\/wp-json\/wp\/v2\/media?parent=11"}],"curies":[{"name":"wp","href":"https:\/\/api.w.org\/{rel}","templated":true}]}}